{"id":43,"date":"2015-08-29T13:03:04","date_gmt":"2015-08-29T11:03:04","guid":{"rendered":"http:\/\/lawood.sk\/new\/?page_id=43"},"modified":"2022-08-05T06:17:56","modified_gmt":"2022-08-05T04:17:56","slug":"portfolio","status":"publish","type":"page","link":"https:\/\/lawood.sk\/new\/portfolio\/","title":{"rendered":"Portf\u00f3lio"},"content":{"rendered":"<div class=\"wpb_row wf-container\" style=\"margin-top: 0px;margin-bottom: 0px\" >\n\t<div class=\"wf-cell wf-span-6 wpb_column column_container \">\n\t\t\t\n\t<div class=\"wpb_single_image wpb_content_element vc_align_left\">\n\t\t<div class=\"wpb_wrapper\">\n\t\t\t\n\t\t\t<a href=\"https:\/\/lawood.sk\/new\/?dt_portfolio=kuchyne\"><img width=\"447\" height=\"246\" src=\"https:\/\/lawood.sk\/new\/wp-content\/uploads\/kuchyna_01_mr.jpg\" class=\" vc_box_border_grey attachment-full\" alt=\"\" decoding=\"async\" loading=\"lazy\" srcset=\"https:\/\/lawood.sk\/new\/wp-content\/uploads\/kuchyna_01_mr.jpg 447w, https:\/\/lawood.sk\/new\/wp-content\/uploads\/kuchyna_01_mr-300x165.jpg 300w\" sizes=\"(max-width: 447px) 100vw, 447px\" \/><\/a>\n\t\t<\/div> \n\t<\/div> \n\t<\/div> \n\n\t<div class=\"wf-cell wf-span-6 wpb_column column_container \">\n\t\t\t\n\t<div class=\"wpb_text_column wpb_content_element \">\n\t\t<div class=\"wpb_wrapper\">\n\t\t\t\n<h2><a href=\"https:\/\/lawood.sk\/new\/project\/kuchyne\/\">Kuchyne<\/a><\/h2>\n<p>Kuchy\u0148a je srdcom domova, pre niekoho vyjadrenie osobn\u00e9ho vkusu, pre in\u00e9ho centrum rodinn\u00e9ho diania alebo tvoriv\u00e1 diel\u0148a.<br \/>\nAk\u00e1 m\u00e1 by\u0165 Va\u0161a nov\u00e1 kuchy\u0148a?<\/p>\n\n\t\t<\/div> \n\t<\/div> \n\t<\/div> \n<\/div><div class=\"wpb_row wf-container\" style=\"margin-top: 0px;margin-bottom: 0px\" >\n\t<div class=\"wf-cell wf-span-12 wpb_column column_container \">\n\t\t\t\n<div class=\"gap\" style=\"line-height: 40px; height: 40px;\"><\/div>\n\n\t<\/div> \n<\/div><div class=\"wpb_row wf-container\" style=\"margin-top: 0px;margin-bottom: 0px\" >\n\t<div class=\"wf-cell wf-span-6 wpb_column column_container \">\n\t\t\t\n\t<div class=\"wpb_single_image wpb_content_element vc_align_left\">\n\t\t<div class=\"wpb_wrapper\">\n\t\t\t\n\t\t\t<a href=\"https:\/\/lawood.sk\/new\/?dt_portfolio=detske-izby\"><img width=\"447\" height=\"246\" src=\"https:\/\/lawood.sk\/new\/wp-content\/uploads\/detska_izba_05_mr.jpg\" class=\" vc_box_border_grey attachment-full\" alt=\"\" decoding=\"async\" loading=\"lazy\" srcset=\"https:\/\/lawood.sk\/new\/wp-content\/uploads\/detska_izba_05_mr.jpg 447w, https:\/\/lawood.sk\/new\/wp-content\/uploads\/detska_izba_05_mr-300x165.jpg 300w\" sizes=\"(max-width: 447px) 100vw, 447px\" \/><\/a>\n\t\t<\/div> \n\t<\/div> \n\t<\/div> \n\n\t<div class=\"wf-cell wf-span-6 wpb_column column_container \">\n\t\t\t\n\t<div class=\"wpb_text_column wpb_content_element \">\n\t\t<div class=\"wpb_wrapper\">\n\t\t\t\n<h2><a href=\"https:\/\/lawood.sk\/new\/?dt_portfolio=detske-izby\">Detsk\u00e9 izby<\/a><\/h2>\n<p>Zariadi\u0165 si \u00fatuln\u00fa detsk\u00fa izbu nie je jednoduch\u00e9, d\u00f4le\u017eit\u00e9 je si dobre vybra\u0165, tak aby ste boli s v\u00fdsledkom spokojn\u00ed Vy i Va\u0161e deti.<br \/>\n&#8230; my V\u00e1m v tom budeme samozrejme n\u00e1pomocn\u00ed!\n\t\t<\/div> \n\t<\/div> \n\t<\/div> \n<\/div><div class=\"wpb_row wf-container\" style=\"margin-top: 0px;margin-bottom: 0px\" >\n\t<div class=\"wf-cell wf-span-12 wpb_column column_container \">\n\t\t\t\n<div class=\"gap\" style=\"line-height: 40px; height: 40px;\"><\/div>\n\n\t<\/div> \n<\/div><div class=\"wpb_row wf-container\" style=\"margin-top: 0px;margin-bottom: 0px\" >\n\t<div class=\"wf-cell wf-span-6 wpb_column column_container \">\n\t\t\t\n\t<div class=\"wpb_single_image wpb_content_element vc_align_left\">\n\t\t<div class=\"wpb_wrapper\">\n\t\t\t\n\t\t\t<a href=\"https:\/\/lawood.sk\/new\/?dt_portfolio=kupelne\"><img width=\"447\" height=\"246\" src=\"https:\/\/lawood.sk\/new\/wp-content\/uploads\/kupelna_03_mr.jpg\" class=\" vc_box_border_grey attachment-full\" alt=\"\" decoding=\"async\" loading=\"lazy\" srcset=\"https:\/\/lawood.sk\/new\/wp-content\/uploads\/kupelna_03_mr.jpg 447w, https:\/\/lawood.sk\/new\/wp-content\/uploads\/kupelna_03_mr-300x165.jpg 300w\" sizes=\"(max-width: 447px) 100vw, 447px\" \/><\/a>\n\t\t<\/div> \n\t<\/div> \n\t<\/div> \n\n\t<div class=\"wf-cell wf-span-6 wpb_column column_container \">\n\t\t\t\n\t<div class=\"wpb_text_column wpb_content_element \">\n\t\t<div class=\"wpb_wrapper\">\n\t\t\t\n<h2><a href=\"https:\/\/lawood.sk\/new\/?dt_portfolio=kupelne\">K\u00fape\u013ene<\/a><\/h2>\n<p>K\u00fape\u013e\u0148ov\u00fd n\u00e1bytok do mal\u00fdch i ve\u013ek\u00fdch miestnost\u00ed, na svoje si pr\u00eddu vyzn\u00e1va\u010di modern\u00e9ho, retro alebo tradi\u010dn\u00e9ho \u0161t\u00fdlu a o farby \u010di kombin\u00e1cie materi\u00e1lov tie\u017e nie je n\u00fadza.\n\t\t<\/div> \n\t<\/div> \n\t<\/div> \n<\/div><div class=\"wpb_row wf-container\" style=\"margin-top: 0px;margin-bottom: 0px\" >\n\t<div class=\"wf-cell wf-span-12 wpb_column column_container \">\n\t\t\t\n<div class=\"gap\" style=\"line-height: 40px; height: 40px;\"><\/div>\n\n\t<\/div> \n<\/div><div class=\"wpb_row wf-container\" style=\"margin-top: 0px;margin-bottom: 0px\" >\n\t<div class=\"wf-cell wf-span-6 wpb_column column_container \">\n\t\t\t\n\t<div class=\"wpb_single_image wpb_content_element vc_align_left\">\n\t\t<div class=\"wpb_wrapper\">\n\t\t\t\n\t\t\t<a href=\"https:\/\/lawood.sk\/new\/?dt_portfolio=ine\"><img width=\"447\" height=\"246\" src=\"https:\/\/lawood.sk\/new\/wp-content\/uploads\/ine_06_mr.jpg\" class=\" vc_box_border_grey attachment-full\" alt=\"\" decoding=\"async\" loading=\"lazy\" srcset=\"https:\/\/lawood.sk\/new\/wp-content\/uploads\/ine_06_mr.jpg 447w, https:\/\/lawood.sk\/new\/wp-content\/uploads\/ine_06_mr-300x165.jpg 300w\" sizes=\"(max-width: 447px) 100vw, 447px\" \/><\/a>\n\t\t<\/div> \n\t<\/div> \n\t<\/div> \n\n\t<div class=\"wf-cell wf-span-6 wpb_column column_container \">\n\t\t\t\n\t<div class=\"wpb_text_column wpb_content_element \">\n\t\t<div class=\"wpb_wrapper\">\n\t\t\t\n<h2><a href=\"https:\/\/lawood.sk\/new\/?dt_portfolio=ine\">In\u00e9<\/a><\/h2>\n<p>Rie\u0161ite probl\u00e9m s usporiadan\u00edm vo va\u0161om byte &#8211; pom\u00f4\u017eeme V\u00e1m. Navrhneme, vymysl\u00edme, vyrob\u00edme V\u00e1m ob\u00fdva\u010dku, jed\u00e1le\u0148, \u0161atn\u00edk, vstavan\u00fa skri\u0148u, predsie\u0148, \u010di kancel\u00e1riu alebo ordin\u00e1ciu\n\t\t<\/div> \n\t<\/div> \n\t<\/div> \n<\/div>\n","protected":false},"excerpt":{"rendered":"Kuchyne Kuchy\u0148a je srdcom domova, pre niekoho vyjadrenie osobn\u00e9ho vkusu, pre in\u00e9ho centrum rodinn\u00e9ho diania alebo tvoriv\u00e1 diel\u0148a. Ak\u00e1 m\u00e1 by\u0165 Va\u0161a nov\u00e1 kuchy\u0148a? Detsk\u00e9 izby Zariadi\u0165 si \u00fatuln\u00fa detsk\u00fa izbu nie je jednoduch\u00e9, d\u00f4le\u017eit\u00e9 je si dobre vybra\u0165, tak aby ste boli s v\u00fdsledkom spokojn\u00ed Vy i Va\u0161e deti. ... my V\u00e1m v tom&hellip;","protected":false},"author":1,"featured_media":0,"parent":0,"menu_order":0,"comment_status":"closed","ping_status":"closed","template":"","meta":[],"_links":{"self":[{"href":"https:\/\/lawood.sk\/new\/wp-json\/wp\/v2\/pages\/43"}],"collection":[{"href":"https:\/\/lawood.sk\/new\/wp-json\/wp\/v2\/pages"}],"about":[{"href":"https:\/\/lawood.sk\/new\/wp-json\/wp\/v2\/types\/page"}],"author":[{"embeddable":true,"href":"https:\/\/lawood.sk\/new\/wp-json\/wp\/v2\/users\/1"}],"replies":[{"embeddable":true,"href":"https:\/\/lawood.sk\/new\/wp-json\/wp\/v2\/comments?post=43"}],"version-history":[{"count":28,"href":"https:\/\/lawood.sk\/new\/wp-json\/wp\/v2\/pages\/43\/revisions"}],"predecessor-version":[{"id":360,"href":"https:\/\/lawood.sk\/new\/wp-json\/wp\/v2\/pages\/43\/revisions\/360"}],"wp:attachment":[{"href":"https:\/\/lawood.sk\/new\/wp-json\/wp\/v2\/media?parent=43"}],"curies":[{"name":"wp","href":"https:\/\/api.w.org\/{rel}","templated":true}]}}