{"id":5,"date":"2015-08-29T07:39:35","date_gmt":"2015-08-29T07:39:35","guid":{"rendered":"http:\/\/lawood.sk\/new\/?page_id=5"},"modified":"2015-09-04T07:57:17","modified_gmt":"2015-09-04T05:57:17","slug":"o-nas","status":"publish","type":"page","link":"https:\/\/lawood.sk\/new\/o-nas\/","title":{"rendered":"O n\u00e1s"},"content":{"rendered":"<div class=\"wpb_row wf-container\" style=\"margin-top: 0px;margin-bottom: 0px\" >\n\t<div class=\"wf-cell wf-span-12 wpb_column column_container \">\n\t\t\t\n\t<div class=\"wpb_text_column wpb_content_element \">\n\t\t<div class=\"wpb_wrapper\">\n\t\t\tFirma L.A.WOOD od pr\u00edchodu na trh vsadila na osobn\u00fd pr\u00edstup k z\u00e1kazn\u00edkom, \u010do sa aj po rokoch potvrdilo, \u017ee to bolo spr\u00e1vne rozhodnutie a najlep\u0161ia cesta k \u00faspechu. V\u010faka spokojn\u00fdm z\u00e1kazn\u00edkom dok\u00e1\u017eeme neust\u00e1le roz\u0161irova\u0165 na\u0161e poznatky a vieme poradi\u0165 aj vtedy, ak sa e\u0161te neviete rozhodn\u00fa\u0165, ako by mal vyzera\u0165 v\u00e1\u0161 nov\u00fd n\u00e1bytok.<\/p>\n<p>N\u00e1v\u0161teva u V\u00e1s doma, poradenstvo, zameranie, vypracovanie 3D n\u00e1vrhu Va\u0161ej predstavy o n\u00e1bytku a n\u00e1sledn\u00e1 realiz\u00e1cia je pre n\u00e1s samozrejmos\u0165ou.<\/p>\n<p>Na v\u00fdber m\u00e1te \u0161irok\u00fd sortiment materi\u00e1lov, \u010di uprednostn\u00edte mas\u00edv, dyhu, striekan\u00e9 farebn\u00e9 prevedenie, zrkadlov\u00fd lesk, ak uprednost\u0148ujete pr\u00edrodn\u00fd kame\u0148 alebo Corian, Zodiac, to v\u0161etko je u n\u00e1s k dispoz\u00edcii..<\/p>\n<p>Kovania firiem Hettich, Blum V\u00e1s presved\u010dia o kvalite na dlh\u00e9 roky, drezy Blanco, Franke, Telma s\u00fa z\u00e1rukou na desa\u0165ro\u010dia u\u017e\u00edvania.<\/p>\n<p>&nbsp;<\/p>\n<p>Sme tu pre V\u00e1s&#8230;.\n\t\t<\/div> \n\t<\/div> \n\t<\/div> \n<\/div>\n","protected":false},"excerpt":{"rendered":"Firma L.A.WOOD od pr\u00edchodu na trh vsadila na osobn\u00fd pr\u00edstup k z\u00e1kazn\u00edkom, \u010do sa aj po rokoch potvrdilo, \u017ee to bolo spr\u00e1vne rozhodnutie a najlep\u0161ia cesta k \u00faspechu. V\u010faka spokojn\u00fdm z\u00e1kazn\u00edkom dok\u00e1\u017eeme neust\u00e1le roz\u0161irova\u0165 na\u0161e poznatky a vieme poradi\u0165 aj vtedy, ak sa e\u0161te neviete rozhodn\u00fa\u0165, ako by mal vyzera\u0165 v\u00e1\u0161 nov\u00fd n\u00e1bytok. N\u00e1v\u0161teva u&hellip;","protected":false},"author":1,"featured_media":0,"parent":0,"menu_order":0,"comment_status":"closed","ping_status":"closed","template":"","meta":[],"_links":{"self":[{"href":"https:\/\/lawood.sk\/new\/wp-json\/wp\/v2\/pages\/5"}],"collection":[{"href":"https:\/\/lawood.sk\/new\/wp-json\/wp\/v2\/pages"}],"about":[{"href":"https:\/\/lawood.sk\/new\/wp-json\/wp\/v2\/types\/page"}],"author":[{"embeddable":true,"href":"https:\/\/lawood.sk\/new\/wp-json\/wp\/v2\/users\/1"}],"replies":[{"embeddable":true,"href":"https:\/\/lawood.sk\/new\/wp-json\/wp\/v2\/comments?post=5"}],"version-history":[{"count":4,"href":"https:\/\/lawood.sk\/new\/wp-json\/wp\/v2\/pages\/5\/revisions"}],"predecessor-version":[{"id":523,"href":"https:\/\/lawood.sk\/new\/wp-json\/wp\/v2\/pages\/5\/revisions\/523"}],"wp:attachment":[{"href":"https:\/\/lawood.sk\/new\/wp-json\/wp\/v2\/media?parent=5"}],"curies":[{"name":"wp","href":"https:\/\/api.w.org\/{rel}","templated":true}]}}